{"id":504,"date":"2021-08-03T13:26:57","date_gmt":"2021-08-03T13:26:57","guid":{"rendered":"https:\/\/jaapaniaiaresidents.ee\/privaatsuspoliitika\/"},"modified":"2022-01-25T12:14:16","modified_gmt":"2022-01-25T12:14:16","slug":"privaatsuspoliitika","status":"publish","type":"page","link":"https:\/\/jaapaniaiaresidents.ee\/ru\/privaatsuspoliitika\/","title":{"rendered":"PRIVAATSUSPOLIITIKA"},"content":{"rendered":"<p><div class=\"fusion-fullwidth fullwidth-box fusion-builder-row-1 fusion-flex-container nonhundred-percent-fullwidth non-hundred-percent-height-scrolling\" style=\"background-color: rgba(255,255,255,0);background-position: center center;background-repeat: no-repeat;border-width: 0px 0px 0px 0px;border-color:#e2e2e2;border-style:solid;\" ><div class=\"fusion-builder-row fusion-row fusion-flex-align-items-flex-start\" style=\"max-width:104%;margin-left: calc(-4% \/ 2 );margin-right: calc(-4% \/ 2 );\"><div class=\"fusion-layout-column fusion_builder_column fusion-builder-column-0 fusion_builder_column_3_4 3_4 fusion-flex-column\"><div class=\"fusion-column-wrapper fusion-flex-justify-content-flex-start fusion-content-layout-column\" style=\"background-position:left top;background-repeat:no-repeat;-webkit-background-size:cover;-moz-background-size:cover;-o-background-size:cover;background-size:cover;padding: 0px 0px 0px 0px;\"><style type=\"text\/css\">@media only screen and (max-width:1200px) {.fusion-title.fusion-title-1{margin-top:10px!important; margin-right:0px!important;margin-bottom:15px!important;margin-left:0px!important;}}@media only screen and (max-width:640px) {.fusion-title.fusion-title-1{margin-top:10px!important; margin-right:0px!important;margin-bottom:10px!important; margin-left:0px!important;}}<\/style><div class=\"fusion-title title fusion-title-1 fusion-sep-none fusion-title-text fusion-title-size-one fusion-animated\" style=\"margin-top:10px;margin-right:0px;margin-bottom:15px;margin-left:0px;\" data-animationType=\"fadeIn\" data-animationDuration=\"1.0\" data-animationOffset=\"top-into-view\"><h1 class=\"title-heading-left\" style=\"margin:0;\"><p>PERTON EHITUSE<br \/>\nPRIVAATSUSPOLIITIKA<\/p><\/h1><\/div><\/div><style type=\"text\/css\">.fusion-body .fusion-builder-column-0{width:75% !important;margin-top : 0px;margin-bottom : 20px;}.fusion-builder-column-0 > .fusion-column-wrapper {padding-top : 0px !important;padding-right : 0px !important;margin-right : 2.56%;padding-bottom : 0px !important;padding-left : 0px !important;margin-left : 2.56%;}@media only screen and (max-width:1200px) {.fusion-body .fusion-builder-column-0{width:75% !important;order : 0;}.fusion-builder-column-0 > .fusion-column-wrapper {margin-right : 2.56%;margin-left : 2.56%;}}@media only screen and (max-width:640px) {.fusion-body .fusion-builder-column-0{width:100% !important;order : 0;}.fusion-builder-column-0 > .fusion-column-wrapper {margin-right : 1.92%;margin-left : 1.92%;}}<\/style><\/div><\/div><style type=\"text\/css\">.fusion-body .fusion-flex-container.fusion-builder-row-1{ padding-top : 0px;margin-top : 0px;padding-right : 10%;padding-bottom : 0px;margin-bottom : 0px;padding-left : 10%;}<\/style><\/div><div class=\"fusion-fullwidth fullwidth-box fusion-builder-row-2 fusion-flex-container hundred-percent-fullwidth non-hundred-percent-height-scrolling\" style=\"background-color: rgba(255,255,255,0);background-position: center center;background-repeat: no-repeat;border-width: 0px 0px 0px 0px;border-color:#e2e2e2;border-style:solid;\" ><div class=\"fusion-builder-row fusion-row fusion-flex-align-items-flex-start\" style=\"width:104% !important;max-width:104% !important;margin-left: calc(-4% \/ 2 );margin-right: calc(-4% \/ 2 );\"><div class=\"fusion-layout-column fusion_builder_column fusion-builder-column-1 fusion_builder_column_1_1 1_1 fusion-flex-column fusion-animated\" data-animationType=\"fadeIn\" data-animationDuration=\"0.8\" data-animationOffset=\"top-into-view\"><div class=\"fusion-column-wrapper fusion-flex-justify-content-flex-start fusion-content-layout-column\" style=\"background-position:left top;background-repeat:no-repeat;-webkit-background-size:cover;-moz-background-size:cover;-o-background-size:cover;background-size:cover;background-color:#eec69c;padding: 4% 4% 2% 4%;\"><div class=\"fusion-text fusion-text-1\"><p>Perton Ehituse O\u00dc jaoks on meie klientide ja partnerite usaldus v\u00e4ga oluline. Me soovime, et k\u00f5ik, kes meiega enda isikuandmeid jagavad, oleksid kindlad, et hoolitseme nende andmete eest parimal v\u00f5imalikul moel.<\/p>\n<p>K\u00e4esolev privaatsuspoliitika on koostatud eesm\u00e4rgiga kaitsta Perton Ehitus O\u00dc endiste, praeguste ja tulevaste klientide privaatsust. Sellest l\u00e4htuvalt toome v\u00e4lja p\u00f5him\u00f5tted, mis k\u00e4sitlevad kliendi isikuandmete kogumist, kasutamist, talletamist, edastamist ja avaldamist ning on koosk\u00f5las Eesti Vabariigi seaduste ning Euroopa Liidu \u00f5igusaktidega.<\/p>\n<p><strong>Isikuandmete kogumine ja kasutamine<\/strong><\/p>\n<p>Isikuandmetena k\u00e4sitleme andmeid, mis on isiku poolt meiega jagatud vabatahtlikult. Isikuandmed v\u00f5ivad sisaldada nime, telefoninumbrit, e-maili, aadressi ja muid andmeid.<\/p>\n<p>Isikuandmeid kasutame vaid selleks etten\u00e4htud eesm\u00e4rgil, milleks on klientidele v\u00e4rskeima turuinfo edastamine, uusarenduste tutvustamine, k\u00fcsimustele vastamine, parimate pakkumiste, kliendip\u00e4evade ning muude Perton Ehitus O\u00dc tegevusega seotud info jagamine.<\/p>\n<p>Perton Ehitus O\u00dc ei levita, edasta, muuda ega kasuta m\u00f5nel muul mitte etten\u00e4htud viisil meile usaldatud isikuandmeid, v\u00e4lja arvatud juhul kui kliendiga on vastav kokkulepe v\u00f5i kui info avaldamise vajadus tuleneb Eesti Vabariigi seadusandlusest.<\/p>\n<p>Juhul, kui saate meie k\u00e4est eelnimetatud infot, ilma et oleksite meile enda teadmata edastanud oma andmeid, palume sellest teada anda <a href=\"mailto:info@perton.ee\">info@perton.ee<\/a><\/p>\n<p>Isikul on \u00f5igus oma n\u00f5usolek igal ajal tagasi v\u00f5tta teavitades sellest aadressil\u00a0<a href=\"mailto:info@perton.ee\">info@perton.ee<\/a><\/p>\n<p><strong>K\u00fcpsised<\/strong><\/p>\n<p>Perton Ehitus O\u00dc kasutab oma veebilehel k\u00fcpsiseid (cookies), mille funktsiooniks on anal\u00fc\u00fcsida Teie sirvimisajalugu. Kasutame seda teavet, et muuta kasutajakogemus mugavamaks ning Teie soovidele vastavamaks. \u00dchtlasi kasutame k\u00fcpsiseid statistilise anal\u00fc\u00fcsi eesm\u00e4rgil ning selleks, et n\u00e4idata Teile reklaame l\u00e4bi hoolikalt valitud kolmandate osapoolte rakenduste (nt Google Inc, Adroll Inc, Facebook Inc, Mailchimp jne). Anname teada, et me ei oma ligip\u00e4\u00e4su ega kontrolli kolmandate osapoolte poolt paigaldatavaid k\u00fcpsiseid ning nende rakendamine toimub l\u00e4htuvalt nende endi privaatsuspoliitikale.<\/p>\n<p>K\u00fcpsis on tekstifail, mille saadavad ja salvestavad kasutaja arvutisse veebilehed, mida ta k\u00fclastab. K\u00fcpsis salvestatakse kasutaja veebilehitseja failikataloogis. Juhul kui Kasutaja on veebilehte varem k\u00fclastanud, loeb veebilehitseja k\u00fcpsist ning edastab vastava teabe veebilehele v\u00f5i elemendile, mis k\u00fcpsise algul salvestas. Lisateave k\u00fcpsiste kohta on k\u00e4ttesaadav veebilehel\u00a0<a href=\"http:\/\/www.aki.ee\/et\/kupsised\">www.aki.ee\/et\/kupsised<\/a>.<\/p>\n<p>Veebilehitsejal on \u00f5igus k\u00fcpsiste kasutamine \u00e4ra keelata. Vastava soovi korral tuleb muuta oma veebilehitseja seadeid.<\/p>\n<p><strong>Privaatsuspoliitika tingimused ja muudatused<\/strong><\/p>\n<p>Meile oma andmeid edastades ning meie veebilehe kasutamist j\u00e4tkates loeme, et olete tutvunud meie p\u00f5him\u00f5tete ja tingimustega ning nendega n\u00f5ustunud. Perton Ehitus O\u00dc j\u00e4tab endale \u00f5iguse vajadusel muuta privaatsuspoliitika \u00fcldtingimusi.<\/p>\n<p>K\u00f5ikide privaatsuspoliitikat puudutavate k\u00fcsimuste korral palume v\u00f5tta meiega \u00fchendust\u00a0<a href=\"mailto:info@perton.ee\">info@perton.ee<\/a><\/p>\n<\/div><\/div><style type=\"text\/css\">.fusion-body .fusion-builder-column-1{width:100% !important;margin-top : 0px;margin-bottom : 20px;}.fusion-builder-column-1 > .fusion-column-wrapper {padding-top : 4% !important;padding-right : 4% !important;margin-right : 1.92%;padding-bottom : 2% !important;padding-left : 4% !important;margin-left : 1.92%;}@media only screen and (max-width:1200px) {.fusion-body .fusion-builder-column-1{width:100% !important;order : 0;}.fusion-builder-column-1 > .fusion-column-wrapper {margin-right : 1.92%;margin-left : 1.92%;}}@media only screen and (max-width:640px) {.fusion-body .fusion-builder-column-1{width:100% !important;order : 0;}.fusion-builder-column-1 > .fusion-column-wrapper {margin-right : 1.92%;margin-left : 1.92%;}}<\/style><\/div><\/div><style type=\"text\/css\">.fusion-body .fusion-flex-container.fusion-builder-row-2{ padding-top : 0px;margin-top : 0px;padding-right : 10%;padding-bottom : 0px;margin-bottom : 0px;padding-left : 10%;}<\/style><\/div><div id=\"kontakt\"><div class=\"fusion-fullwidth fullwidth-box fusion-builder-row-3 fusion-flex-container nonhundred-percent-fullwidth non-hundred-percent-height-scrolling\" style=\"background-color: rgba(255,255,255,0);background-position: center center;background-repeat: no-repeat;border-width: 0px 0px 0px 0px;border-color:#e2e2e2;border-style:solid;\" ><div class=\"fusion-builder-row fusion-row fusion-flex-align-items-flex-start\" style=\"max-width:104%;margin-left: calc(-4% \/ 2 );margin-right: calc(-4% \/ 2 );\"><div class=\"fusion-layout-column fusion_builder_column fusion-builder-column-2 fusion_builder_column_2_3 2_3 fusion-flex-column\"><div class=\"fusion-column-wrapper fusion-flex-justify-content-flex-start fusion-content-layout-column\" style=\"background-image: url(&#039;https:\/\/jaapaniaiaresidents.ee\/wp-content\/uploads\/2022\/01\/taust-kontakt.png&#039;);background-position:right top;background-repeat:no-repeat;-webkit-background-size:cover;-moz-background-size:cover;-o-background-size:cover;background-size:cover;background-color:rgba(228,187,144,0.18);padding: 80px 80px 80px 80px;\" data-bg-url=\"https:\/\/jaapaniaiaresidents.ee\/wp-content\/uploads\/2022\/01\/taust-kontakt.png\"><style type=\"text\/css\">@media only screen and (max-width:1200px) {.fusion-title.fusion-title-2{margin-top:10px!important; margin-right:0px!important;margin-bottom:15px!important;margin-left:0px!important;}}@media only screen and (max-width:640px) {.fusion-title.fusion-title-2{margin-top:10px!important; margin-right:0px!important;margin-bottom:10px!important; margin-left:0px!important;}}<\/style><div class=\"fusion-title title fusion-title-2 fusion-sep-none fusion-title-text fusion-title-size-one\" style=\"margin-top:10px;margin-right:0px;margin-bottom:15px;margin-left:0px;\"><h1 class=\"title-heading-left\" style=\"margin:0;\"><div class=\"fusion-title title fusion-title-4 fusion-sep-none fusion-title-text fusion-title-size-one fusion-border-below-title\">\n<p>K\u00dcSI LISAINFOT<\/p>\n<\/div><\/h1><\/div><div class=\"fusion-separator fusion-full-width-sep\" style=\"align-self: center;margin-left: auto;margin-right: auto;margin-top:20px;width:100%;\"><\/div><div role=\"form\" class=\"wpcf7\" id=\"wpcf7-f597-o1\" lang=\"ru-RU\" dir=\"ltr\">\n<div class=\"screen-reader-response\"><p role=\"status\" aria-live=\"polite\" aria-atomic=\"true\"><\/p> <ul><\/ul><\/div>\n<form action=\"\/ru\/wp-json\/wp\/v2\/pages\/504#wpcf7-f597-o1\" method=\"post\" class=\"wpcf7-form init\" novalidate=\"novalidate\" data-status=\"init\">\n<div style=\"display: none;\">\n<input type=\"hidden\" name=\"_wpcf7\" value=\"597\" \/>\n<input type=\"hidden\" name=\"_wpcf7_version\" value=\"5.6.4\" \/>\n<input type=\"hidden\" name=\"_wpcf7_locale\" value=\"ru_RU\" \/>\n<input type=\"hidden\" name=\"_wpcf7_unit_tag\" value=\"wpcf7-f597-o1\" \/>\n<input type=\"hidden\" name=\"_wpcf7_container_post\" value=\"0\" \/>\n<input type=\"hidden\" name=\"_wpcf7_posted_data_hash\" value=\"\" \/>\n<input type=\"hidden\" name=\"_wpcf7_recaptcha_response\" value=\"\" \/>\n<\/div>\n<div class=\"fusion-one-half fusion-layout-column fusion-spacing-yes\" style=\"margin-bottom: 0px\">\n<span class=\"wpcf7-form-control-wrap\" data-name=\"your-name\"><input type=\"text\" name=\"your-name\" value=\"\" size=\"40\" class=\"wpcf7-form-control wpcf7-text wpcf7-validates-as-required\" aria-required=\"true\" aria-invalid=\"false\" placeholder=\"\u0418\u043c\u044f\" \/><\/span> <\/p>\n<p><span class=\"wpcf7-form-control-wrap\" data-name=\"your-email\"><input type=\"email\" name=\"your-email\" value=\"\" size=\"40\" class=\"wpcf7-form-control wpcf7-text wpcf7-email wpcf7-validates-as-required wpcf7-validates-as-email\" aria-required=\"true\" aria-invalid=\"false\" placeholder=\"\u042d\u043b.\u043f\u043e\u0447\u0442\u0430\" \/><\/span><\/p>\n<p><span class=\"wpcf7-form-control-wrap\" data-name=\"your-phone\"><input type=\"text\" name=\"your-phone\" value=\"\" size=\"40\" class=\"wpcf7-form-control wpcf7-text wpcf7-validates-as-required\" aria-required=\"true\" aria-invalid=\"false\" placeholder=\"\u0422\u0435\u043b\u0435\u0444\u043e\u043d\" \/><\/span>\n<\/p><\/div>\n<div class=\"fusion-one-half fusion-layout-column fusion-column-last fusion-spacing-yes\" style=\"margin-bottom: 0px\">\n<span class=\"wpcf7-form-control-wrap\" data-name=\"your-message\"><textarea name=\"your-message\" cols=\"40\" rows=\"10\" class=\"wpcf7-form-control wpcf7-textarea\" aria-invalid=\"false\" placeholder=\"\u0421\u043e\u043e\u0431\u0449\u0435\u043d\u0438\u0435\"><\/textarea><\/span><\/div>\n<p><span class=\"wpcf7-form-control-wrap\" data-name=\"acceptance-contact\"><span class=\"wpcf7-form-control wpcf7-acceptance\"><span class=\"wpcf7-list-item\"><label><input type=\"checkbox\" name=\"acceptance-contact\" value=\"1\" aria-invalid=\"false\" \/><span class=\"wpcf7-list-item-label\"><small>\u0421\u043e\u0433\u043b\u0430\u0441\u0435\u043d \u043d\u0430 \u0438\u0441\u043f\u043e\u043b\u044c\u0437\u043e\u0432\u0430\u043d\u0438\u0435 \u043c\u043e\u0438\u0445 \u0434\u0430\u043d\u043d\u044b\u0445 \u0441\u043e \u0441\u0442\u043e\u0440\u043e\u043d\u044b Perton Ehitus \u0434\u043b\u044f \u0440\u0430\u0441\u043f\u0440\u043e\u0441\u0442\u0440\u0430\u043d\u0435\u043d\u0438\u044f \u0438\u043d\u0444\u043e\u0440\u043c\u0430\u0446\u0438\u0438 \u0438 \u044d\u043b\u0435\u043a\u0442\u0440\u043e\u043d\u043d\u044b\u0445 \u043f\u0440\u0435\u0434\u043b\u043e\u0436\u0435\u043d\u0438\u0439 <br>\u0441 \u0443\u0447\u0435\u0442\u043e\u043c \u043f\u0440\u0430\u0432\u0438\u043b \u0438\u0441\u043f\u043e\u043b\u044c\u0437\u043e\u0432\u0430\u043d\u0438\u044f \u043b\u0438\u0447\u043d\u044b\u0445 \u0434\u0430\u043d\u043d\u044b\u0445 <\/small><\/span><\/label><\/span><\/span><\/span><\/p>\n<p><input type=\"submit\" value=\"\u041e\u0442\u043f\u0440\u0430\u0432\u044c \u0441\u043e\u043e\u0431\u0449\u0435\u043d\u0438\u0435\" class=\"wpcf7-form-control has-spinner wpcf7-submit\" \/><\/p>\n<div class=\"fusion-alert alert custom alert-custom fusion-alert-center wpcf7-response-output alert-dismissable\" style=\"border-width:1px;\"><button type=\"button\" class=\"close toggle-alert\" data-dismiss=\"alert\" aria-label=\"Close\">&times;<\/button><div class=\"fusion-alert-content-wrapper\"><span class=\"fusion-alert-content\"><\/span><\/div><\/div><\/form><\/div><\/div><style type=\"text\/css\">.fusion-body .fusion-builder-column-2{width:66.666666666667% !important;margin-top : 0px;margin-bottom : 20px;}.fusion-builder-column-2 > .fusion-column-wrapper {padding-top : 80px !important;padding-right : 80px !important;margin-right : 2.88%;padding-bottom : 80px !important;padding-left : 80px !important;margin-left : 2.88%;}@media only screen and (max-width:1200px) {.fusion-body .fusion-builder-column-2{width:66.666666666667% !important;order : 0;}.fusion-builder-column-2 > .fusion-column-wrapper {padding-top : 40px !important;padding-right : 40px !important;margin-right : 2.88%;padding-bottom : 40px !important;padding-left : 40px !important;margin-left : 2.88%;}}@media only screen and (max-width:640px) {.fusion-body .fusion-builder-column-2{width:100% !important;order : 0;}.fusion-builder-column-2 > .fusion-column-wrapper {padding-top : 20px !important;padding-right : 20px !important;margin-right : 1.92%;padding-bottom : 20px !important;padding-left : 20px !important;margin-left : 1.92%;}}<\/style><\/div><div class=\"fusion-layout-column fusion_builder_column fusion-builder-column-3 fusion_builder_column_1_3 1_3 fusion-flex-column\"><div class=\"fusion-column-wrapper fusion-flex-justify-content-flex-start fusion-content-layout-column\" style=\"background-position:left top;background-repeat:no-repeat;-webkit-background-size:cover;-moz-background-size:cover;-o-background-size:cover;background-size:cover;padding: 80px 0px 0px 0px;\"><style type=\"text\/css\">@media only screen and (max-width:1200px) {.fusion-title.fusion-title-3{margin-top:10px!important; margin-right:0px!important;margin-bottom:15px!important;margin-left:0px!important;}}@media only screen and (max-width:640px) {.fusion-title.fusion-title-3{margin-top:10px!important; margin-right:0px!important;margin-bottom:10px!important; margin-left:0px!important;}}<\/style><div class=\"fusion-title title fusion-title-3 fusion-sep-none fusion-title-center fusion-title-text fusion-title-size-one\" style=\"margin-top:10px;margin-right:0px;margin-bottom:15px;margin-left:0px;\"><h1 class=\"title-heading-center\" style=\"margin:0;\"><div class=\"fusion-title title fusion-title-4 fusion-sep-none fusion-title-text fusion-title-size-one fusion-border-below-title\">\n<p>M\u00dc\u00dcGIINFO<\/p>\n<\/div><\/h1><\/div><div class=\"fusion-separator fusion-full-width-sep\" style=\"align-self: center;margin-left: auto;margin-right: auto;margin-top:20px;width:100%;\"><\/div><div class=\"fusion-builder-row fusion-builder-row-inner fusion-row fusion-flex-align-items-flex-start\" style=\"width:104% !important;max-width:104% !important;margin-left: calc(-4% \/ 2 );margin-right: calc(-4% \/ 2 );\"><div class=\"fusion-layout-column fusion_builder_column_inner fusion-builder-nested-column-0 fusion_builder_column_inner_1_1 1_1 fusion-flex-column\"><div class=\"fusion-column-wrapper fusion-flex-justify-content-flex-start fusion-content-layout-column\" style=\"background-position:left top;background-repeat:no-repeat;-webkit-background-size:cover;-moz-background-size:cover;-o-background-size:cover;background-size:cover;padding: 0px 0px 0px 0px;\"><div style=\"text-align:center;\"><span class=\" fusion-imageframe imageframe-none imageframe-1 hover-type-none\" style=\"max-width:160px;\"><img decoding=\"async\" width=\"308\" height=\"308\" alt=\"Margit Sild\" title=\"Margit Sild\" src=\"https:\/\/jaapaniaiaresidents.ee\/wp-content\/uploads\/2022\/01\/Margit-Sild.png\" class=\"img-responsive wp-image-1458\" srcset=\"https:\/\/jaapaniaiaresidents.ee\/wp-content\/uploads\/2022\/01\/Margit-Sild-200x200.png 200w, https:\/\/jaapaniaiaresidents.ee\/wp-content\/uploads\/2022\/01\/Margit-Sild.png 308w\" sizes=\"(max-width: 640px) 100vw, 308px\" \/><\/span><\/div><div class=\"fusion-separator fusion-full-width-sep\" style=\"align-self: center;margin-left: auto;margin-right: auto;margin-top:30px;width:100%;\"><\/div><div class=\"fusion-text fusion-text-2\"><p style=\"text-align: center;\"><strong>Margit Sild<\/strong><br \/>\n<a href=\"tel:+3725150069\">+372 515 0069<\/a><br \/>\n<a href=\"mailto:margit.sild@uusmaa.ee\">margit.sild@uusmaa.ee<\/a><\/p>\n<\/div><\/div><style type=\"text\/css\">.fusion-body .fusion-builder-nested-column-0{width:100% !important;margin-top : 0px;margin-bottom : 0px;}.fusion-builder-nested-column-0 > .fusion-column-wrapper {padding-top : 0px !important;padding-right : 0px !important;margin-right : 1.92%;padding-bottom : 0px !important;padding-left : 0px !important;margin-left : 1.92%;}@media only screen and (max-width:1200px) {.fusion-body .fusion-builder-nested-column-0{width:100% !important;order : 0;}.fusion-builder-nested-column-0 > .fusion-column-wrapper {margin-right : 1.92%;margin-left : 1.92%;}}@media only screen and (max-width:640px) {.fusion-body .fusion-builder-nested-column-0{width:100% !important;order : 0;}.fusion-builder-nested-column-0 > .fusion-column-wrapper {margin-right : 1.92%;margin-left : 1.92%;}}<\/style><\/div><\/div><div style=\"text-align:center;\"><span class=\" fusion-imageframe imageframe-none imageframe-2 hover-type-none\"><img decoding=\"async\" width=\"300\" height=\"43\" alt=\"UUSMAA logo\" src=\"https:\/\/jaapaniaiaresidents.ee\/wp-content\/uploads\/2021\/11\/UUSMAA_Kadriorg_logo_ikoon.png\" class=\"img-responsive wp-image-947\" srcset=\"https:\/\/jaapaniaiaresidents.ee\/wp-content\/uploads\/2021\/11\/UUSMAA_Kadriorg_logo_ikoon-200x29.png 200w, https:\/\/jaapaniaiaresidents.ee\/wp-content\/uploads\/2021\/11\/UUSMAA_Kadriorg_logo_ikoon.png 300w\" sizes=\"(max-width: 640px) 100vw, 300px\" \/><\/span><\/div><div class=\"fusion-separator fusion-full-width-sep\" style=\"align-self: center;margin-left: auto;margin-right: auto;margin-top:30px;width:100%;\"><\/div><\/div><style type=\"text\/css\">.fusion-body .fusion-builder-column-3{width:33.333333333333% !important;margin-top : 0px;margin-bottom : 20px;}.fusion-builder-column-3 > .fusion-column-wrapper {padding-top : 80px !important;padding-right : 0px !important;margin-right : 5.76%;padding-bottom : 0px !important;padding-left : 0px !important;margin-left : 5.76%;}@media only screen and (max-width:1200px) {.fusion-body .fusion-builder-column-3{width:33.333333333333% !important;order : 0;}.fusion-builder-column-3 > .fusion-column-wrapper {padding-top : 40px !important;margin-right : 5.76%;margin-left : 5.76%;}}@media only screen and (max-width:640px) {.fusion-body .fusion-builder-column-3{width:100% !important;order : 0;}.fusion-builder-column-3 > .fusion-column-wrapper {padding-top : 20px !important;margin-right : 1.92%;margin-left : 1.92%;}}<\/style><\/div><\/div><style type=\"text\/css\">.fusion-body .fusion-flex-container.fusion-builder-row-3{ padding-top : 60px;margin-top : 0px;padding-right : 10%;padding-bottom : 0px;margin-bottom : 0px;padding-left : 10%;}<\/style><\/div><\/div>\n<\/p>\n","protected":false},"excerpt":{"rendered":"","protected":false},"author":2,"featured_media":0,"parent":0,"menu_order":0,"comment_status":"closed","ping_status":"closed","template":"","meta":{"footnotes":""},"class_list":["post-504","page","type-page","status-publish","hentry"],"_links":{"self":[{"href":"https:\/\/jaapaniaiaresidents.ee\/ru\/wp-json\/wp\/v2\/pages\/504","targetHints":{"allow":["GET"]}}],"collection":[{"href":"https:\/\/jaapaniaiaresidents.ee\/ru\/wp-json\/wp\/v2\/pages"}],"about":[{"href":"https:\/\/jaapaniaiaresidents.ee\/ru\/wp-json\/wp\/v2\/types\/page"}],"author":[{"embeddable":true,"href":"https:\/\/jaapaniaiaresidents.ee\/ru\/wp-json\/wp\/v2\/users\/2"}],"replies":[{"embeddable":true,"href":"https:\/\/jaapaniaiaresidents.ee\/ru\/wp-json\/wp\/v2\/comments?post=504"}],"version-history":[{"count":2,"href":"https:\/\/jaapaniaiaresidents.ee\/ru\/wp-json\/wp\/v2\/pages\/504\/revisions"}],"predecessor-version":[{"id":1576,"href":"https:\/\/jaapaniaiaresidents.ee\/ru\/wp-json\/wp\/v2\/pages\/504\/revisions\/1576"}],"wp:attachment":[{"href":"https:\/\/jaapaniaiaresidents.ee\/ru\/wp-json\/wp\/v2\/media?parent=504"}],"curies":[{"name":"wp","href":"https:\/\/api.w.org\/{rel}","templated":true}]}}